	{"id":428763,"date":"2021-03-03T16:05:48","date_gmt":"2021-03-03T16:05:48","guid":{"rendered":"https:\/\/www.mikeli.es\/blog\/?page_id=428763"},"modified":"2021-03-04T10:18:54","modified_gmt":"2021-03-04T10:18:54","slug":"visite-el-pazo-de-meiras-en-realidad-virtual","status":"publish","type":"page","link":"https:\/\/www.mikeli.es\/blog\/visite-el-pazo-de-meiras-en-realidad-virtual\/","title":{"rendered":"Visite el Pazo de Meir\u00e1s en Realidad Virtual"},"content":{"rendered":"\t\t<div data-elementor-type=\"wp-page\" data-elementor-id=\"428763\" class=\"elementor elementor-428763\">\n\t\t\t\t\t\t<section class=\"elementor-section elementor-top-section elementor-element elementor-element-8dea87a elementor-section-boxed elementor-section-height-default elementor-section-height-default\" data-id=\"8dea87a\" data-element_type=\"section\">\n\t\t\t\t\t\t<div class=\"elementor-container elementor-column-gap-default\">\n\t\t\t\t\t<div class=\"elementor-column elementor-col-100 elementor-top-column elementor-element elementor-element-73f813c\" data-id=\"73f813c\" data-element_type=\"column\">\n\t\t\t<div class=\"elementor-widget-wrap elementor-element-populated\">\n\t\t\t\t\t\t<div class=\"elementor-element elementor-element-4e22cba elementor-widget elementor-widget-text-editor\" data-id=\"4e22cba\" data-element_type=\"widget\" data-widget_type=\"text-editor.default\">\n\t\t\t\t<div class=\"elementor-widget-container\">\n\t\t\t\t\t\t\t\t\t<h3 style=\"text-align: center;\">\u00bfDesea visitar el Pazo de Meir\u00e1s sin salir de su casa? \u00a1Rellene el siguiente formulario y podr\u00e1 disfrutar de una fant\u00e1stica visita virtual.<\/h3>\t\t\t\t\t\t\t\t<\/div>\n\t\t\t\t<\/div>\n\t\t\t\t\t<\/div>\n\t\t<\/div>\n\t\t\t\t\t<\/div>\n\t\t<\/section>\n\t\t\t\t<section class=\"elementor-section elementor-top-section elementor-element elementor-element-97c78fc elementor-section-boxed elementor-section-height-default elementor-section-height-default\" data-id=\"97c78fc\" data-element_type=\"section\">\n\t\t\t\t\t\t<div class=\"elementor-container elementor-column-gap-default\">\n\t\t\t\t\t<div class=\"elementor-column elementor-col-100 elementor-top-column elementor-element elementor-element-b028706\" data-id=\"b028706\" data-element_type=\"column\">\n\t\t\t<div class=\"elementor-widget-wrap elementor-element-populated\">\n\t\t\t\t\t\t<div class=\"elementor-element elementor-element-1243ac7 elementor-widget elementor-widget-image\" data-id=\"1243ac7\" data-element_type=\"widget\" data-widget_type=\"image.default\">\n\t\t\t\t<div class=\"elementor-widget-container\">\n\t\t\t\t\t\t\t\t\t\t\t\t\t\t\t<img fetchpriority=\"high\" decoding=\"async\" width=\"640\" height=\"425\" src=\"https:\/\/www.mikeli.es\/blog\/wp-content\/uploads\/2018\/02\/DSC0249-1024x680.jpg\" class=\"attachment-large size-large wp-image-428690\" alt=\"\" srcset=\"https:\/\/www.mikeli.es\/blog\/wp-content\/uploads\/2018\/02\/DSC0249-1024x680.jpg 1024w, https:\/\/www.mikeli.es\/blog\/wp-content\/uploads\/2018\/02\/DSC0249-300x199.jpg 300w, https:\/\/www.mikeli.es\/blog\/wp-content\/uploads\/2018\/02\/DSC0249-768x510.jpg 768w, https:\/\/www.mikeli.es\/blog\/wp-content\/uploads\/2018\/02\/DSC0249-1536x1020.jpg 1536w, https:\/\/www.mikeli.es\/blog\/wp-content\/uploads\/2018\/02\/DSC0249-2048x1360.jpg 2048w, https:\/\/www.mikeli.es\/blog\/wp-content\/uploads\/2018\/02\/DSC0249-1568x1041.jpg 1568w\" sizes=\"(max-width: 34.9rem) calc(100vw - 2rem), (max-width: 53rem) calc(8 * (100vw \/ 12)), (min-width: 53rem) calc(6 * (100vw \/ 12)), 100vw\" \/>\t\t\t\t\t\t\t\t\t\t\t\t\t\t\t<\/div>\n\t\t\t\t<\/div>\n\t\t\t\t\t<\/div>\n\t\t<\/div>\n\t\t\t\t\t<\/div>\n\t\t<\/section>\n\t\t\t\t<section class=\"elementor-section elementor-top-section elementor-element elementor-element-407d1b9 elementor-section-boxed elementor-section-height-default elementor-section-height-default\" data-id=\"407d1b9\" data-element_type=\"section\">\n\t\t\t\t\t\t<div class=\"elementor-container elementor-column-gap-default\">\n\t\t\t\t\t<div class=\"elementor-column elementor-col-100 elementor-top-column elementor-element elementor-element-7a9b7a3\" data-id=\"7a9b7a3\" data-element_type=\"column\">\n\t\t\t<div class=\"elementor-widget-wrap elementor-element-populated\">\n\t\t\t\t\t\t<div class=\"elementor-element elementor-element-712eb4d elementor-widget elementor-widget-text-editor\" data-id=\"712eb4d\" data-element_type=\"widget\" data-widget_type=\"text-editor.default\">\n\t\t\t\t<div class=\"elementor-widget-container\">\n\t\t\t\t\t\t\t\t\t\n<div class=\"wpcf7 no-js\" id=\"wpcf7-f428762-o1\" lang=\"es-ES\" dir=\"ltr\" data-wpcf7-id=\"428762\">\n<div class=\"screen-reader-response\"><p role=\"status\" aria-live=\"polite\" aria-atomic=\"true\"><\/p> <ul><\/ul><\/div>\n<form action=\"\/blog\/wp-json\/wp\/v2\/pages\/428763#wpcf7-f428762-o1\" method=\"post\" class=\"wpcf7-form init\" aria-label=\"Formulario de contacto\" novalidate=\"novalidate\" data-status=\"init\">\n<div style=\"display: none;\">\n<input type=\"hidden\" name=\"_wpcf7\" value=\"428762\" \/>\n<input type=\"hidden\" name=\"_wpcf7_version\" value=\"6.0.6\" \/>\n<input type=\"hidden\" name=\"_wpcf7_locale\" value=\"es_ES\" \/>\n<input type=\"hidden\" name=\"_wpcf7_unit_tag\" value=\"wpcf7-f428762-o1\" \/>\n<input type=\"hidden\" name=\"_wpcf7_container_post\" value=\"0\" \/>\n<input type=\"hidden\" name=\"_wpcf7_posted_data_hash\" value=\"\" \/>\n<input type=\"hidden\" name=\"_wpcf7_recaptcha_response\" value=\"\" \/>\n<\/div>\n<p style=\"margin-right:15px; color: black; font-weight: bold;\"> Nombre*\n<\/p>\n<p><span class=\"wpcf7-form-control-wrap\" data-name=\"Nombre\"><input size=\"40\" maxlength=\"400\" class=\"wpcf7-form-control wpcf7-text wpcf7-validates-as-required\" aria-required=\"true\" aria-invalid=\"false\" value=\"\" type=\"text\" name=\"Nombre\" \/><\/span>\n<\/p>\n<p style=\"margin-right:15px; color: black; font-weight: bold;\">Apellidos*\n<\/p>\n<p><span class=\"wpcf7-form-control-wrap\" data-name=\"Apellidos\"><input size=\"40\" maxlength=\"400\" class=\"wpcf7-form-control wpcf7-text wpcf7-validates-as-required\" aria-required=\"true\" aria-invalid=\"false\" value=\"\" type=\"text\" name=\"Apellidos\" \/><\/span>\n<\/p>\n<p style=\"margin-right:15px; color: black; font-weight: bold;\">Correo electr\u00f3nico*\n<\/p>\n<p><span class=\"wpcf7-form-control-wrap\" data-name=\"Correoelectronico\"><input size=\"40\" maxlength=\"400\" class=\"wpcf7-form-control wpcf7-email wpcf7-validates-as-required wpcf7-text wpcf7-validates-as-email\" aria-required=\"true\" aria-invalid=\"false\" value=\"\" type=\"email\" name=\"Correoelectronico\" \/><\/span>\n<\/p>\n<p style=\"margin-right:15px; color: black; font-weight: bold;\">Tel\u00e9fono M\u00f3vil*\n<\/p>\n<p><span class=\"wpcf7-form-control-wrap\" data-name=\"Movil\"><input size=\"40\" maxlength=\"400\" class=\"wpcf7-form-control wpcf7-tel wpcf7-validates-as-required wpcf7-text wpcf7-validates-as-tel\" aria-required=\"true\" aria-invalid=\"false\" value=\"\" type=\"tel\" name=\"Movil\" \/><\/span>\n<\/p>\n<p style=\"margin-right:15px; color: black;\"><span class=\"wpcf7-form-control-wrap\" data-name=\"aceptacion\"><span class=\"wpcf7-form-control wpcf7-acceptance\"><span class=\"wpcf7-list-item\"><input type=\"checkbox\" name=\"aceptacion\" value=\"1\" class=\"acepta\" aria-invalid=\"false\" \/><\/span><\/span><\/span> En cumplimiento de las disposiciones de la LOPD 15\/1999, sus datos nunca ser\u00e1n suministrados a terceros bajo ning\u00fan concepto, no recibir\u00e1 publicidad alguna ni cualquier otra informaci\u00f3n no solicitada expresamente a MIKELI S.L. El responsable del fichero es MIKELI S.L con domicilio en Paseo Pereda 35, c.p 39003, Santander, Cantabria, Telf. 942 22 36 69\n<\/p>\n<p><input class=\"wpcf7-form-control wpcf7-submit has-spinner\" type=\"submit\" value=\"Enviar\" \/>\n<\/p><div class=\"wpcf7-response-output\" aria-hidden=\"true\"><\/div>\n<\/form>\n<\/div>\n\t\t\t\t\t\t\t\t<\/div>\n\t\t\t\t<\/div>\n\t\t\t\t\t<\/div>\n\t\t<\/div>\n\t\t\t\t\t<\/div>\n\t\t<\/section>\n\t\t\t\t<\/div>\n\t\t","protected":false},"excerpt":{"rendered":"<p>\u00bfDesea visitar el Pazo de Meir\u00e1s sin salir de su casa? \u00a1Rellene el siguiente formulario y podr\u00e1 disfrutar de una fant\u00e1stica visita virtual.<\/p>\n","protected":false},"author":1,"featured_media":0,"parent":0,"menu_order":0,"comment_status":"closed","ping_status":"closed","template":"","meta":{"_mbp_gutenberg_autopost":false,"footnotes":""},"class_list":["post-428763","page","type-page","status-publish","hentry","entry"],"_links":{"self":[{"href":"https:\/\/www.mikeli.es\/blog\/wp-json\/wp\/v2\/pages\/428763","targetHints":{"allow":["GET"]}}],"collection":[{"href":"https:\/\/www.mikeli.es\/blog\/wp-json\/wp\/v2\/pages"}],"about":[{"href":"https:\/\/www.mikeli.es\/blog\/wp-json\/wp\/v2\/types\/page"}],"author":[{"embeddable":true,"href":"https:\/\/www.mikeli.es\/blog\/wp-json\/wp\/v2\/users\/1"}],"replies":[{"embeddable":true,"href":"https:\/\/www.mikeli.es\/blog\/wp-json\/wp\/v2\/comments?post=428763"}],"version-history":[{"count":25,"href":"https:\/\/www.mikeli.es\/blog\/wp-json\/wp\/v2\/pages\/428763\/revisions"}],"predecessor-version":[{"id":428791,"href":"https:\/\/www.mikeli.es\/blog\/wp-json\/wp\/v2\/pages\/428763\/revisions\/428791"}],"wp:attachment":[{"href":"https:\/\/www.mikeli.es\/blog\/wp-json\/wp\/v2\/media?parent=428763"}],"curies":[{"name":"wp","href":"https:\/\/api.w.org\/{rel}","templated":true}]}}